{"id":15874,"date":"2024-12-16T11:38:53","date_gmt":"2024-12-16T11:38:53","guid":{"rendered":"https:\/\/avetblau.joangwilkinson.com\/?page_id=15874"},"modified":"2024-12-16T11:42:02","modified_gmt":"2024-12-16T11:42:02","slug":"els-meus-animalons","status":"publish","type":"page","link":"http:\/\/avetblau.cat\/index.php\/els-meus-animalons\/","title":{"rendered":"Els meus animalons"},"content":{"rendered":"\t\t<div data-elementor-type=\"wp-page\" data-elementor-id=\"15874\" class=\"elementor elementor-15874\">\n\t\t\t\t<div class=\"elementor-element elementor-element-f8d5b2b e-grid e-con-boxed parallax_section_no qode_elementor_container_no e-con e-parent\" data-id=\"f8d5b2b\" data-element_type=\"container\" data-e-type=\"container\">\n\t\t\t\t\t<div class=\"e-con-inner\">\n\t\t\t\t<div class=\"elementor-element elementor-element-84e6851 elementor-widget elementor-widget-text-editor\" data-id=\"84e6851\" data-element_type=\"widget\" data-e-type=\"widget\" data-widget_type=\"text-editor.default\">\n\t\t\t\t<div class=\"elementor-widget-container\">\n\t\t\t\t\t\t\t\t\t<p><strong>Les\u00a0 GRANOTETES\u00a0 TRAPELLES<\/strong><\/p><p>\u00a0<\/p><p><strong>Hi havia\u00a0 en un estany gran\u00a0 d&#8217;un pa\u00eds lluny\u00e0, una col\u00f2nia\u00a0 de granotes que\u00a0 vivien en una petita illa al centre del llac.<\/strong><\/p><p><strong>Hi tenien de tot, els pares\u00a0 treballaven construint\u00a0 casetes<\/strong><\/p><p><strong>amb fang , les\u00a0 mares\u00a0 cosint amb fulles vestits i sabates.<\/strong><\/p><p><strong>les\u00a0 granotes petites fins i tot tenien una escola, on les mes velles explicaven, contes i experi\u00e8ncies i perills, que amb els anys havien passat.<\/strong><\/p><p><strong>\u00a0<\/strong><\/p><p><strong>Al mig\u00a0 del corr\u00f3 de granotetes\u00a0 estaven\u00a0 les 5 germanes :<\/strong><\/p><p><strong>NATA, NETA , NITA , NOTA i NUTA.<\/strong><\/p><p><strong>Sempre feien\u00a0 preguntes al mestre, i tot ho volien con\u00e8ixer<\/strong><\/p><p><strong>tocar , tastar i experimentar.<\/strong><\/p><p><strong>\u00a0<\/strong><\/p><p><strong>A l\u2019 illa no tenien\u00a0 enemics i no els hi faltava el menjar<\/strong><\/p><p><strong>doncs milers\u00a0 de mosquitets poblaven aquelles terres tot l&#8217;any<\/strong><strong>&#8230;.\u00a0<\/strong><\/p><p>\u00a0<\/p><p>\u00a0<\/p><p>\u00a0<\/p><p>\u00a0<\/p><p>\u00a0<\/p><p><strong>Les\u00a0 g\u00e0bies de les\u00a0 pedres<\/strong><\/p><p>\u00a0<\/p><p><strong>Hi\u00a0 havia\u00a0 un\u00a0 pa\u00eds molt\u00a0 lluny\u00a0 que tot era de pedra,<\/strong><\/p><p><strong>N\u2019 hi\u00a0 havia de\u00a0 tots\u00a0 colors\u00a0 i\u00a0 formes\u00a0 i\u00a0 textures,<\/strong><\/p><p><strong>I\u00a0\u00a0 un\u00a0 gran riu que el resseguia i les\u00a0 banyava,<\/strong><\/p><p><strong>\u00a0I\u00a0\u00a0 baixava\u00a0 indiferent\u00a0 cap el mar.<\/strong><\/p><p><strong>\u00a0<\/strong><\/p><p><strong>\u00a0Un dia\u00a0 va\u00a0 arribar\u00a0 un ocell ,\u00a0\u00a0 agosarat\u00a0\u00a0 riu a munt<\/strong><\/p><p><strong>I en\u00a0 no trobar\u00a0 ni\u00a0 un sol arbre\u00a0\u00a0 va\u00a0 preguntar al riu,\u00a0 on\u00a0 son els arbres ?<\/strong><\/p><p><strong>Jo\u00a0\u00a0 viuria\u00a0 en aquest\u00a0 pa\u00eds\u00a0 si\u00a0 tingues\u00a0 bons arbres\u00a0 per\u00a0 niar\u00a0 i\u00a0\u00a0 menjar .<\/strong><\/p><p><strong>Mai\u00a0 n\u2019 hi\u00a0 ha hagut\u00a0 d\u2019 arbres aqu\u00ed!.\u00a0 Va\u00a0 contestar el riu <\/strong><\/p><p><strong>L\u2019\u00a0 ocell,\u00a0 enamorat dels\u00a0 colors,\u00a0 va\u00a0 pujar, repetidament\u00a0 pel riu,<\/strong><\/p><p><strong>Portant en cada\u00a0\u00a0 viatge\u00a0 varies\u00a0\u00a0 llavors, fulles\u00a0 i\u00a0 herbes<\/strong><\/p><p><strong>que\u00a0\u00a0 repartia per\u00a0 les\u00a0 esquerdes de les\u00a0 roques,<\/strong><\/p><p><strong>pels\u00a0 replecs sorrencs del riu\u00a0 i sota\u00a0 la\u00a0 neu\u00a0\u00a0 tova. <\/strong><\/p><p><strong>\u00a0<\/strong><\/p><p><strong>L\u2019 any seg\u00fcent ,\u00a0 ja\u00a0 va trobar\u00a0 petits\u00a0 plan\u00e7ons\u00a0\u00a0 creixent\u00a0\u00a0 per\u00a0 tot\u00a0 arreu&#8230;<\/strong><\/p><p>\u00a0<\/p><p>\u00a0<\/p><p><strong>HIST\u00d2RIA\u00a0 D&#8217;HIPO\u00a0 I\u00a0 DE\u00a0 P\u00d2TAM.<\/strong><\/p><p>\u00a0<\/p><p><strong>* <em>\u00a0Hipo i P\u00f2tam\u00a0 eren\u00a0 dos Hipop\u00f2tams,<\/em> germans, molt joves<\/strong><\/p><p><strong>\u00a0\u00a0 i diferents entre ells.\u00a0 <\/strong><\/p><p><strong>\u00a0\u00a0 En\u00a0 Hipo era\u00a0 molt inquiet, nervi\u00f3s, no parava mai\u00a0 quiet<\/strong><\/p><p><strong>\u00a0\u00a0 sempre sortia\u00a0 de la\u00a0 &#8220;Gran Basa&#8221;\u00a0 a\u00a0 &#8220;espiar&#8221; l&#8217; entorn.<\/strong><\/p><p><strong>\u00a0\u00a0 En P\u00f2tam,\u00a0 era m\u00e9s\u00a0 grasset, molt tranquil , li agradava<\/strong><\/p><p><strong>\u00a0\u00a0 sobretot descansar a les\u00a0\u00a0 vores\u00a0 de la Gran Basa, era\u00a0 molt <\/strong><\/p><p><strong>\u00a0\u00a0 mandr\u00f3s, i nom\u00e9s\u00a0 sortia ( quan ho feia) per\u00a0 menjar una <\/strong><\/p><p><strong>\u00a0\u00a0 mica d&#8217;herba\u00a0 fresca per els\u00a0 voltants.<\/strong><\/p><p><strong>\u00a0<\/strong><\/p><p><strong>\u00a0\u00a0 Quan\u00a0 l&#8217; HIPO\u00a0 va ser m\u00e9s gran, un\u00a0 dia ,nervi\u00f3s i emocionat,<\/strong><\/p><p><strong>\u00a0\u00a0 va dir als\u00a0 seus pares\u00a0 que el deixessin sortir i con\u00e8ixer\u00a0 el MON, sota\u00a0 la mirada\u00a0\u00a0\u00a0\u00a0 mandrosa\u00a0 de P\u00f2tam, que\u00a0 no entenia que\u00a0 volia el seu germ\u00e0, ni que buscava.<\/strong><\/p><p><strong>\u00a0<\/strong><\/p><p><strong>\u00a0En HIPO\u00a0 doncs\u00a0 va\u00a0 agafar un\u00a0 sarr\u00f3, hi va posar quatre peces\u00a0\u00a0 de roba, un xic\u00a0 de menj\u00e0,\u00a0\u00a0\u00a0\u00a0\u00a0 i es pos\u00e0 una botes noves que li\u00a0 havien regalat el seus\u00a0 pares, tot prometen que tornaria per explicar tot el\u00a0 que vei\u00e9s&#8230;.\u00a0 <\/strong><strong>(\u00a0 segueix)<\/strong><\/p>\t\t\t\t\t\t\t\t<\/div>\n\t\t\t\t<\/div>\n\t\t\t\t<div class=\"elementor-element elementor-element-7c33b67 elementor-widget elementor-widget-image\" data-id=\"7c33b67\" data-element_type=\"widget\" data-e-type=\"widget\" data-widget_type=\"image.default\">\n\t\t\t\t<div class=\"elementor-widget-container\">\n\t\t\t\t\t\t\t\t\t\t\t\t\t\t\t<img fetchpriority=\"high\" decoding=\"async\" width=\"499\" height=\"647\" src=\"http:\/\/avetblau.cat\/wp-content\/uploads\/2024\/12\/Els-meus-animalons.png\" class=\"attachment-large size-large wp-image-15876\" alt=\"\" srcset=\"http:\/\/avetblau.cat\/wp-content\/uploads\/2024\/12\/Els-meus-animalons.png 499w, http:\/\/avetblau.cat\/wp-content\/uploads\/2024\/12\/Els-meus-animalons-231x300.png 231w\" sizes=\"(max-width: 499px) 100vw, 499px\" \/>\t\t\t\t\t\t\t\t\t\t\t\t\t\t\t<\/div>\n\t\t\t\t<\/div>\n\t\t\t\t\t<\/div>\n\t\t\t\t<\/div>\n\t\t\t\t<\/div>\n\t\t","protected":false},"excerpt":{"rendered":"<p>Les\u00a0 GRANOTETES\u00a0 TRAPELLES \u00a0 Hi havia\u00a0 en un estany gran\u00a0 d&#8217;un pa\u00eds lluny\u00e0, una col\u00f2nia\u00a0 de granotes que\u00a0 vivien en una petita illa al centre del llac. Hi tenien de tot, els pares\u00a0 treballaven construint\u00a0 casetes amb fang , les\u00a0 mares\u00a0 cosint amb fulles vestits&#8230;<\/p>\n","protected":false},"author":1,"featured_media":15876,"parent":0,"menu_order":0,"comment_status":"closed","ping_status":"closed","template":"","meta":{"_themeisle_gutenberg_block_has_review":false,"footnotes":""},"class_list":["post-15874","page","type-page","status-publish","has-post-thumbnail","hentry"],"_links":{"self":[{"href":"http:\/\/avetblau.cat\/index.php\/wp-json\/wp\/v2\/pages\/15874","targetHints":{"allow":["GET"]}}],"collection":[{"href":"http:\/\/avetblau.cat\/index.php\/wp-json\/wp\/v2\/pages"}],"about":[{"href":"http:\/\/avetblau.cat\/index.php\/wp-json\/wp\/v2\/types\/page"}],"author":[{"embeddable":true,"href":"http:\/\/avetblau.cat\/index.php\/wp-json\/wp\/v2\/users\/1"}],"replies":[{"embeddable":true,"href":"http:\/\/avetblau.cat\/index.php\/wp-json\/wp\/v2\/comments?post=15874"}],"version-history":[{"count":4,"href":"http:\/\/avetblau.cat\/index.php\/wp-json\/wp\/v2\/pages\/15874\/revisions"}],"predecessor-version":[{"id":15879,"href":"http:\/\/avetblau.cat\/index.php\/wp-json\/wp\/v2\/pages\/15874\/revisions\/15879"}],"wp:featuredmedia":[{"embeddable":true,"href":"http:\/\/avetblau.cat\/index.php\/wp-json\/wp\/v2\/media\/15876"}],"wp:attachment":[{"href":"http:\/\/avetblau.cat\/index.php\/wp-json\/wp\/v2\/media?parent=15874"}],"curies":[{"name":"wp","href":"https:\/\/api.w.org\/{rel}","templated":true}]}}