{"id":15992,"date":"2026-02-20T08:11:43","date_gmt":"2026-02-20T08:11:43","guid":{"rendered":"http:\/\/avetblau.cat\/?page_id=15992"},"modified":"2026-02-20T08:14:18","modified_gmt":"2026-02-20T08:14:18","slug":"converses-amb-pere-de-lavern","status":"publish","type":"page","link":"http:\/\/avetblau.cat\/index.php\/converses-amb-pere-de-lavern\/","title":{"rendered":"Converses amb Pere de Lavern"},"content":{"rendered":"\t\t<div data-elementor-type=\"wp-page\" data-elementor-id=\"15992\" class=\"elementor elementor-15992\">\n\t\t\t\t<div class=\"elementor-element elementor-element-3e3a472 e-grid e-con-boxed parallax_section_no qode_elementor_container_no e-con e-parent\" data-id=\"3e3a472\" data-element_type=\"container\" data-e-type=\"container\">\n\t\t\t\t\t<div class=\"e-con-inner\">\n\t\t\t\t<div class=\"elementor-element elementor-element-14e4824 elementor-widget elementor-widget-text-editor\" data-id=\"14e4824\" data-element_type=\"widget\" data-e-type=\"widget\" data-widget_type=\"text-editor.default\">\n\t\t\t\t<div class=\"elementor-widget-container\">\n\t\t\t\t\t\t\t\t\t<p><em>\u00a0<\/em><\/p><p>En Xavier rep un missatge misteri\u00f3s per trobar-se amb en Pere de Lavern. A partir d&#8217;aqu\u00ed comencen un seguit de trobades arrey de Catalunya on conversen sobre la vida, les decisions que prenen i el sentit de tot all\u00f2 que fem.<\/p><p>Un viatge filos\u00f2fic que convida a mirar el m\u00f3n amb ulls cr\u00edtics i a reflexionar sobre com podem millorar-lo.<\/p><p>Un llibre que et connecta amb la realitat iamb la teva pr\u00f2pia manera d&#8217;entendre-la.<\/p><p>Tantes preguntes fetes&#8230; Algunes amb resposta, d&#8217;altres en blanc. I totes amb m\u00e9s d&#8217;una veritat possible<\/p>\t\t\t\t\t\t\t\t<\/div>\n\t\t\t\t<\/div>\n\t\t\t\t<div class=\"elementor-element elementor-element-c7da720 elementor-widget elementor-widget-image\" data-id=\"c7da720\" data-element_type=\"widget\" data-e-type=\"widget\" data-widget_type=\"image.default\">\n\t\t\t\t<div class=\"elementor-widget-container\">\n\t\t\t\t\t\t\t\t\t\t\t\t\t\t\t<img fetchpriority=\"high\" decoding=\"async\" width=\"576\" height=\"1024\" src=\"http:\/\/avetblau.cat\/wp-content\/uploads\/2026\/02\/WhatsApp-Image-2026-02-18-at-09.05.13-576x1024.jpeg\" class=\"attachment-large size-large wp-image-15994\" alt=\"\" srcset=\"http:\/\/avetblau.cat\/wp-content\/uploads\/2026\/02\/WhatsApp-Image-2026-02-18-at-09.05.13-576x1024.jpeg 576w, http:\/\/avetblau.cat\/wp-content\/uploads\/2026\/02\/WhatsApp-Image-2026-02-18-at-09.05.13-169x300.jpeg 169w, http:\/\/avetblau.cat\/wp-content\/uploads\/2026\/02\/WhatsApp-Image-2026-02-18-at-09.05.13-768x1365.jpeg 768w, http:\/\/avetblau.cat\/wp-content\/uploads\/2026\/02\/WhatsApp-Image-2026-02-18-at-09.05.13-864x1536.jpeg 864w, http:\/\/avetblau.cat\/wp-content\/uploads\/2026\/02\/WhatsApp-Image-2026-02-18-at-09.05.13-700x1244.jpeg 700w, http:\/\/avetblau.cat\/wp-content\/uploads\/2026\/02\/WhatsApp-Image-2026-02-18-at-09.05.13.jpeg 1080w\" sizes=\"(max-width: 576px) 100vw, 576px\" \/>\t\t\t\t\t\t\t\t\t\t\t\t\t\t\t<\/div>\n\t\t\t\t<\/div>\n\t\t\t\t\t<\/div>\n\t\t\t\t<\/div>\n\t\t\t\t<\/div>\n\t\t","protected":false},"excerpt":{"rendered":"<p>\u00a0 En Xavier rep un missatge misteri\u00f3s per trobar-se amb en Pere de Lavern. A partir d&#8217;aqu\u00ed comencen un seguit de trobades arrey de Catalunya on conversen sobre la vida, les decisions que prenen i el sentit de tot all\u00f2 que fem. Un viatge filos\u00f2fic&#8230;<\/p>\n","protected":false},"author":1,"featured_media":15994,"parent":0,"menu_order":0,"comment_status":"closed","ping_status":"closed","template":"","meta":{"_themeisle_gutenberg_block_has_review":false,"footnotes":""},"class_list":["post-15992","page","type-page","status-publish","has-post-thumbnail","hentry"],"_links":{"self":[{"href":"http:\/\/avetblau.cat\/index.php\/wp-json\/wp\/v2\/pages\/15992","targetHints":{"allow":["GET"]}}],"collection":[{"href":"http:\/\/avetblau.cat\/index.php\/wp-json\/wp\/v2\/pages"}],"about":[{"href":"http:\/\/avetblau.cat\/index.php\/wp-json\/wp\/v2\/types\/page"}],"author":[{"embeddable":true,"href":"http:\/\/avetblau.cat\/index.php\/wp-json\/wp\/v2\/users\/1"}],"replies":[{"embeddable":true,"href":"http:\/\/avetblau.cat\/index.php\/wp-json\/wp\/v2\/comments?post=15992"}],"version-history":[{"count":6,"href":"http:\/\/avetblau.cat\/index.php\/wp-json\/wp\/v2\/pages\/15992\/revisions"}],"predecessor-version":[{"id":16001,"href":"http:\/\/avetblau.cat\/index.php\/wp-json\/wp\/v2\/pages\/15992\/revisions\/16001"}],"wp:featuredmedia":[{"embeddable":true,"href":"http:\/\/avetblau.cat\/index.php\/wp-json\/wp\/v2\/media\/15994"}],"wp:attachment":[{"href":"http:\/\/avetblau.cat\/index.php\/wp-json\/wp\/v2\/media?parent=15992"}],"curies":[{"name":"wp","href":"https:\/\/api.w.org\/{rel}","templated":true}]}}