{"id":15753,"date":"2024-04-05T09:43:55","date_gmt":"2024-04-05T09:43:55","guid":{"rendered":"https:\/\/avetblau.joangwilkinson.com\/?page_id=15753"},"modified":"2026-03-07T19:58:08","modified_gmt":"2026-03-07T19:58:08","slug":"qui-soc","status":"publish","type":"page","link":"https:\/\/avetblau.cat\/index.php\/qui-soc\/","title":{"rendered":"Qui Soc?"},"content":{"rendered":"\t\t<div data-elementor-type=\"wp-page\" data-elementor-id=\"15753\" class=\"elementor elementor-15753\">\n\t\t\t\t<div class=\"elementor-element elementor-element-0b8f9d3 e-con-full e-flex parallax_section_no qode_elementor_container_no e-con e-parent\" data-id=\"0b8f9d3\" data-element_type=\"container\" data-e-type=\"container\">\n\t\t<div class=\"elementor-element elementor-element-5ee5be7 e-con-full e-flex parallax_section_no qode_elementor_container_no e-con e-child\" data-id=\"5ee5be7\" data-element_type=\"container\" data-e-type=\"container\">\n\t\t\t\t<div class=\"elementor-element elementor-element-33b39ec elementor-widget elementor-widget-image\" data-id=\"33b39ec\" data-element_type=\"widget\" data-e-type=\"widget\" data-widget_type=\"image.default\">\n\t\t\t\t<div class=\"elementor-widget-container\">\n\t\t\t\t\t\t\t\t\t\t\t\t\t\t\t<img decoding=\"async\" src=\"http:\/\/avetblau.cat\/wp-content\/uploads\/elementor\/thumbs\/llac-i-paraigues-rlprmdl8n9m5y794sfebek8kdiq70mp9zaohu7n6ds.jpg\" title=\"\" alt=\"Qui Soc\" loading=\"lazy\" \/>\t\t\t\t\t\t\t\t\t\t\t\t\t\t\t<\/div>\n\t\t\t\t<\/div>\n\t\t\t\t<\/div>\n\t\t<div class=\"elementor-element elementor-element-381d2ad e-con-full e-flex parallax_section_no qode_elementor_container_no e-con e-child\" data-id=\"381d2ad\" data-element_type=\"container\" data-e-type=\"container\">\n\t\t\t\t<div class=\"elementor-element elementor-element-f0e8c1a elementor-widget elementor-widget-heading\" data-id=\"f0e8c1a\" data-element_type=\"widget\" data-e-type=\"widget\" data-widget_type=\"heading.default\">\n\t\t\t\t<div class=\"elementor-widget-container\">\n\t\t\t\t\t<h2 class=\"elementor-heading-title elementor-size-default\">Qui Soc?<\/h2>\t\t\t\t<\/div>\n\t\t\t\t<\/div>\n\t\t\t\t<div class=\"elementor-element elementor-element-32ffa82 elementor-widget-divider--view-line elementor-widget elementor-widget-divider\" data-id=\"32ffa82\" data-element_type=\"widget\" data-e-type=\"widget\" data-widget_type=\"divider.default\">\n\t\t\t\t<div class=\"elementor-widget-container\">\n\t\t\t\t\t\t\t<div class=\"elementor-divider\">\n\t\t\t<span class=\"elementor-divider-separator\">\n\t\t\t\t\t\t<\/span>\n\t\t<\/div>\n\t\t\t\t\t\t<\/div>\n\t\t\t\t<\/div>\n\t\t\t\t<div class=\"elementor-element elementor-element-6d608d5 elementor-widget elementor-widget-text-editor\" data-id=\"6d608d5\" data-element_type=\"widget\" data-e-type=\"widget\" data-widget_type=\"text-editor.default\">\n\t\t\t\t<div class=\"elementor-widget-container\">\n\t\t\t\t\t\t\t\t\t<p><strong>Soc un home qualsevol, de fang, que la pluja de les mis\u00e8ries lentament dissolt, amb una carpeta d\u2019inquietuds enorme, explorador innat, home fer\u00e9stec, inconformista radical, al que li agrada fer malabarismes amb les paraules i les notes&#8230; fins que provoquen sentiments, que viu en un m\u00f3n enllotat d\u2019hipocresies&#8230; i li agrada enllitar-se amb la soledat; i que malgrat tot, continua remant, un metge de trinxera, soldat ras, sense galons, poca cosa mes&#8230;<\/strong><\/p>\t\t\t\t\t\t\t\t<\/div>\n\t\t\t\t<\/div>\n\t\t\t\t<div class=\"elementor-element elementor-element-156e3aa elementor-widget elementor-widget-spacer\" data-id=\"156e3aa\" data-element_type=\"widget\" data-e-type=\"widget\" data-widget_type=\"spacer.default\">\n\t\t\t\t<div class=\"elementor-widget-container\">\n\t\t\t\t\t\t\t<div class=\"elementor-spacer\">\n\t\t\t<div class=\"elementor-spacer-inner\"><\/div>\n\t\t<\/div>\n\t\t\t\t\t\t<\/div>\n\t\t\t\t<\/div>\n\t\t\t\t<div class=\"elementor-element elementor-element-97a8f31 elementor-widget elementor-widget-heading\" data-id=\"97a8f31\" data-element_type=\"widget\" data-e-type=\"widget\" data-widget_type=\"heading.default\">\n\t\t\t\t<div class=\"elementor-widget-container\">\n\t\t\t\t\t<h2 class=\"elementor-heading-title elementor-size-default\">Que pretenc?<\/h2>\t\t\t\t<\/div>\n\t\t\t\t<\/div>\n\t\t\t\t<div class=\"elementor-element elementor-element-c1a4dd7 elementor-widget-divider--view-line elementor-widget elementor-widget-divider\" data-id=\"c1a4dd7\" data-element_type=\"widget\" data-e-type=\"widget\" data-widget_type=\"divider.default\">\n\t\t\t\t<div class=\"elementor-widget-container\">\n\t\t\t\t\t\t\t<div class=\"elementor-divider\">\n\t\t\t<span class=\"elementor-divider-separator\">\n\t\t\t\t\t\t<\/span>\n\t\t<\/div>\n\t\t\t\t\t\t<\/div>\n\t\t\t\t<\/div>\n\t\t\t\t<div class=\"elementor-element elementor-element-e3d7b85 elementor-widget elementor-widget-text-editor\" data-id=\"e3d7b85\" data-element_type=\"widget\" data-e-type=\"widget\" data-widget_type=\"text-editor.default\">\n\t\t\t\t<div class=\"elementor-widget-container\">\n\t\t\t\t\t\t\t\t\t<p><strong>Que ens abracem a la vida amb mes passi\u00f3, i amb l\u2019 ajuda de la m\u00fasica i les paraules constru\u00efm un mar de sentiments i pau, que el cam\u00ed es el m\u00e9s important a la vida, no el dest\u00ed. Massa sovint lluitem per conquerir quimeres.<\/strong><\/p><p><strong>Massa \u00a0sovint ens estavellem per conquerir fama, poder i riquesa, i oblidem els sentiments i els somnis.<\/strong><\/p><p><strong>Cal ordenar notes, colors i paraules fins que bateguin sentiments.<\/strong><\/p><p><strong>Crec, sincerament que la m\u00fasica i les paraules son la medicina m\u00e9s potent que existeix.<\/strong><\/p><p><strong>Quan treballes amb pedra, amb un pinzell, amb paraules, o amb notes, \u00a0i crees \u00a0una imatge , un sentiment&#8230; creixes com a persona, i ets afortunat si pots expressar les teves emocions.<\/strong><\/p><p><strong>Tamb\u00e9 els pots expressar si les imatges agafen moviment&#8230;<\/strong><\/p><p><strong>Si la m\u00fasica et fa dansar, si les paraules engranen hist\u00f2ries&#8230; <\/strong><\/p><p><strong>Per\u00f2 tamb\u00e9 la m\u00fasica ens pot guarir el cos, perqu\u00e8 nosaltres tamb\u00e9 som batecs, \u00a0vibrem, si ens deixen, amb la natura.<\/strong><\/p>\t\t\t\t\t\t\t\t<\/div>\n\t\t\t\t<\/div>\n\t\t\t\t<\/div>\n\t\t\t\t<\/div>\n\t\t<div class=\"elementor-element elementor-element-c64161e e-flex e-con-boxed parallax_section_no qode_elementor_container_no e-con e-parent\" data-id=\"c64161e\" data-element_type=\"container\" data-e-type=\"container\">\n\t\t\t\t\t<div class=\"e-con-inner\">\n\t\t\t\t<div class=\"elementor-element elementor-element-c846988 elementor-widget-divider--view-line elementor-widget elementor-widget-divider\" data-id=\"c846988\" data-element_type=\"widget\" data-e-type=\"widget\" data-widget_type=\"divider.default\">\n\t\t\t\t<div class=\"elementor-widget-container\">\n\t\t\t\t\t\t\t<div class=\"elementor-divider\">\n\t\t\t<span class=\"elementor-divider-separator\">\n\t\t\t\t\t\t<\/span>\n\t\t<\/div>\n\t\t\t\t\t\t<\/div>\n\t\t\t\t<\/div>\n\t\t\t\t<div class=\"elementor-element elementor-element-960aebe elementor-widget elementor-widget-heading\" data-id=\"960aebe\" data-element_type=\"widget\" data-e-type=\"widget\" data-widget_type=\"heading.default\">\n\t\t\t\t<div class=\"elementor-widget-container\">\n\t\t\t\t\t<h3 class=\"elementor-heading-title elementor-size-default\">La m\u00fasica i les paraules son l\u2019 ess\u00e8ncia dels sentiments<\/h3>\t\t\t\t<\/div>\n\t\t\t\t<\/div>\n\t\t\t\t\t<\/div>\n\t\t\t\t<\/div>\n\t\t\t\t<\/div>\n\t\t","protected":false},"excerpt":{"rendered":"<p>Qui Soc? Soc un home qualsevol, de fang, que la pluja de les mis\u00e8ries lentament dissolt, amb una carpeta d\u2019inquietuds enorme, explorador innat, home fer\u00e9stec, inconformista radical, al que li agrada fer malabarismes amb les paraules i les notes&#8230; fins que provoquen sentiments, que viu&#8230;<\/p>\n","protected":false},"author":1,"featured_media":0,"parent":0,"menu_order":0,"comment_status":"closed","ping_status":"closed","template":"elementor_header_footer","meta":{"_themeisle_gutenberg_block_has_review":false,"footnotes":""},"class_list":["post-15753","page","type-page","status-publish","hentry"],"_links":{"self":[{"href":"https:\/\/avetblau.cat\/index.php\/wp-json\/wp\/v2\/pages\/15753","targetHints":{"allow":["GET"]}}],"collection":[{"href":"https:\/\/avetblau.cat\/index.php\/wp-json\/wp\/v2\/pages"}],"about":[{"href":"https:\/\/avetblau.cat\/index.php\/wp-json\/wp\/v2\/types\/page"}],"author":[{"embeddable":true,"href":"https:\/\/avetblau.cat\/index.php\/wp-json\/wp\/v2\/users\/1"}],"replies":[{"embeddable":true,"href":"https:\/\/avetblau.cat\/index.php\/wp-json\/wp\/v2\/comments?post=15753"}],"version-history":[{"count":19,"href":"https:\/\/avetblau.cat\/index.php\/wp-json\/wp\/v2\/pages\/15753\/revisions"}],"predecessor-version":[{"id":16209,"href":"https:\/\/avetblau.cat\/index.php\/wp-json\/wp\/v2\/pages\/15753\/revisions\/16209"}],"wp:attachment":[{"href":"https:\/\/avetblau.cat\/index.php\/wp-json\/wp\/v2\/media?parent=15753"}],"curies":[{"name":"wp","href":"https:\/\/api.w.org\/{rel}","templated":true}]}}