{"id":16216,"date":"2026-03-07T20:08:41","date_gmt":"2026-03-07T20:08:41","guid":{"rendered":"http:\/\/avetblau.cat\/?page_id=16216"},"modified":"2026-03-07T20:31:10","modified_gmt":"2026-03-07T20:31:10","slug":"contacte","status":"publish","type":"page","link":"https:\/\/avetblau.cat\/index.php\/contacte\/","title":{"rendered":"Contacte"},"content":{"rendered":"\t\t<div data-elementor-type=\"wp-page\" data-elementor-id=\"16216\" class=\"elementor elementor-16216\">\n\t\t\t\t<div class=\"elementor-element elementor-element-685e606 e-flex e-con-boxed parallax_section_no qode_elementor_container_no e-con e-parent\" data-id=\"685e606\" data-element_type=\"container\" data-e-type=\"container\">\n\t\t\t\t\t<div class=\"e-con-inner\">\n\t\t\t\t<div class=\"elementor-element elementor-element-540204c elementor-widget elementor-widget-text-editor\" data-id=\"540204c\" data-element_type=\"widget\" data-e-type=\"widget\" data-widget_type=\"text-editor.default\">\n\t\t\t\t<div class=\"elementor-widget-container\">\n\t\t\t\t\t\t\t\t\t<p>A aquest apartat de la web podeu deixar un missatge amb el vostre correu electr\u00f2nic.<\/p><p>Us respondr\u00e9 el m\u00e9s aviat possible, amb molt de gust.<\/p><p>\u00a0<\/p>\t\t\t\t\t\t\t\t<\/div>\n\t\t\t\t<\/div>\n\t\t\t\t\t<\/div>\n\t\t\t\t<\/div>\n\t\t<div class=\"elementor-element elementor-element-5912892 e-grid e-con-full parallax_section_no qode_elementor_container_no e-con e-parent\" data-id=\"5912892\" data-element_type=\"container\" data-e-type=\"container\">\n\t\t\t\t<div class=\"elementor-element elementor-element-6792ebc elementor-widget elementor-widget-image\" data-id=\"6792ebc\" data-element_type=\"widget\" data-e-type=\"widget\" data-widget_type=\"image.default\">\n\t\t\t\t<div class=\"elementor-widget-container\">\n\t\t\t\t\t\t\t\t\t\t\t\t\t\t\t<img fetchpriority=\"high\" decoding=\"async\" width=\"1024\" height=\"768\" src=\"http:\/\/avetblau.cat\/wp-content\/uploads\/2024\/12\/ocells-escapen-amb-notes-copia-1024x768.jpg\" class=\"attachment-large size-large wp-image-15944\" alt=\"\" srcset=\"http:\/\/avetblau.cat\/wp-content\/uploads\/2024\/12\/ocells-escapen-amb-notes-copia-1024x768.jpg 1024w, http:\/\/avetblau.cat\/wp-content\/uploads\/2024\/12\/ocells-escapen-amb-notes-copia-300x225.jpg 300w, http:\/\/avetblau.cat\/wp-content\/uploads\/2024\/12\/ocells-escapen-amb-notes-copia-768x576.jpg 768w, http:\/\/avetblau.cat\/wp-content\/uploads\/2024\/12\/ocells-escapen-amb-notes-copia-1536x1152.jpg 1536w, http:\/\/avetblau.cat\/wp-content\/uploads\/2024\/12\/ocells-escapen-amb-notes-copia-2048x1536.jpg 2048w, http:\/\/avetblau.cat\/wp-content\/uploads\/2024\/12\/ocells-escapen-amb-notes-copia-800x600.jpg 800w, http:\/\/avetblau.cat\/wp-content\/uploads\/2024\/12\/ocells-escapen-amb-notes-copia-700x525.jpg 700w\" sizes=\"(max-width: 1024px) 100vw, 1024px\" \/>\t\t\t\t\t\t\t\t\t\t\t\t\t\t\t<\/div>\n\t\t\t\t<\/div>\n\t\t\t\t<div class=\"elementor-element elementor-element-f0076b2 elementor-widget elementor-widget-text-editor\" data-id=\"f0076b2\" data-element_type=\"widget\" data-e-type=\"widget\" data-widget_type=\"text-editor.default\">\n\t\t\t\t<div class=\"elementor-widget-container\">\n\t\t\t\t\t\t\t\t\t<p>\n<div class=\"wpcf7 no-js\" id=\"wpcf7-f16218-o1\" lang=\"en-US\" dir=\"ltr\" data-wpcf7-id=\"16218\">\n<div class=\"screen-reader-response\"><p role=\"status\" aria-live=\"polite\" aria-atomic=\"true\"><\/p> <ul><\/ul><\/div>\n<form action=\"\/index.php\/wp-json\/wp\/v2\/pages\/16216#wpcf7-f16218-o1\" method=\"post\" class=\"wpcf7-form init\" aria-label=\"Contact form\" novalidate=\"novalidate\" data-status=\"init\">\n<fieldset class=\"hidden-fields-container\"><input type=\"hidden\" name=\"_wpcf7\" value=\"16218\" \/><input type=\"hidden\" name=\"_wpcf7_version\" value=\"6.1.5\" \/><input type=\"hidden\" name=\"_wpcf7_locale\" value=\"en_US\" \/><input type=\"hidden\" name=\"_wpcf7_unit_tag\" value=\"wpcf7-f16218-o1\" \/><input type=\"hidden\" name=\"_wpcf7_container_post\" value=\"0\" \/><input type=\"hidden\" name=\"_wpcf7_posted_data_hash\" value=\"\" \/>\n<\/fieldset>\n<label> Nom\n    <span class=\"wpcf7-form-control-wrap\" data-name=\"your-name\"><input size=\"40\" maxlength=\"400\" class=\"wpcf7-form-control wpcf7-text wpcf7-validates-as-required\" autocomplete=\"name\" aria-required=\"true\" aria-invalid=\"false\" value=\"\" type=\"text\" name=\"your-name\" \/><\/span> <\/label><\/br>\n\n<label> Correu electr\u00f2nic\n    <span class=\"wpcf7-form-control-wrap\" data-name=\"your-email\"><input size=\"40\" maxlength=\"400\" class=\"wpcf7-form-control wpcf7-email wpcf7-validates-as-required wpcf7-text wpcf7-validates-as-email\" autocomplete=\"email\" aria-required=\"true\" aria-invalid=\"false\" value=\"\" type=\"email\" name=\"your-email\" \/><\/span> <\/label><\/br>\n\n<label> T\u00edtol\n    <span class=\"wpcf7-form-control-wrap\" data-name=\"your-subject\"><input size=\"40\" maxlength=\"400\" class=\"wpcf7-form-control wpcf7-text wpcf7-validates-as-required\" aria-required=\"true\" aria-invalid=\"false\" value=\"\" type=\"text\" name=\"your-subject\" \/><\/span> <\/label><\/br>\n\n<label> Missatge (opcional)\n    <span class=\"wpcf7-form-control-wrap\" data-name=\"your-message\"><textarea cols=\"40\" rows=\"10\" maxlength=\"2000\" class=\"wpcf7-form-control wpcf7-textarea\" aria-invalid=\"false\" name=\"your-message\"><\/textarea><\/span> <\/label><\/br>\n\n<input class=\"wpcf7-form-control wpcf7-submit has-spinner\" type=\"submit\" value=\"Submit\" \/><div class=\"wpcf7-response-output\" aria-hidden=\"true\"><\/div>\n<\/form>\n<\/div>\n<\/p>\t\t\t\t\t\t\t\t<\/div>\n\t\t\t\t<\/div>\n\t\t\t\t<\/div>\n\t\t\t\t<\/div>\n\t\t","protected":false},"excerpt":{"rendered":"<p>A aquest apartat de la web podeu deixar un missatge amb el vostre correu electr\u00f2nic. Us respondr\u00e9 el m\u00e9s aviat possible, amb molt de gust. \u00a0<\/p>\n","protected":false},"author":1,"featured_media":0,"parent":0,"menu_order":0,"comment_status":"closed","ping_status":"closed","template":"","meta":{"_themeisle_gutenberg_block_has_review":false,"footnotes":""},"class_list":["post-16216","page","type-page","status-publish","hentry"],"_links":{"self":[{"href":"https:\/\/avetblau.cat\/index.php\/wp-json\/wp\/v2\/pages\/16216","targetHints":{"allow":["GET"]}}],"collection":[{"href":"https:\/\/avetblau.cat\/index.php\/wp-json\/wp\/v2\/pages"}],"about":[{"href":"https:\/\/avetblau.cat\/index.php\/wp-json\/wp\/v2\/types\/page"}],"author":[{"embeddable":true,"href":"https:\/\/avetblau.cat\/index.php\/wp-json\/wp\/v2\/users\/1"}],"replies":[{"embeddable":true,"href":"https:\/\/avetblau.cat\/index.php\/wp-json\/wp\/v2\/comments?post=16216"}],"version-history":[{"count":7,"href":"https:\/\/avetblau.cat\/index.php\/wp-json\/wp\/v2\/pages\/16216\/revisions"}],"predecessor-version":[{"id":16229,"href":"https:\/\/avetblau.cat\/index.php\/wp-json\/wp\/v2\/pages\/16216\/revisions\/16229"}],"wp:attachment":[{"href":"https:\/\/avetblau.cat\/index.php\/wp-json\/wp\/v2\/media?parent=16216"}],"curies":[{"name":"wp","href":"https:\/\/api.w.org\/{rel}","templated":true}]}}